{"id":576,"date":"2025-05-29T17:16:14","date_gmt":"2025-05-29T17:16:14","guid":{"rendered":"https:\/\/rolfsenseguros.com.br\/blog\/home\/"},"modified":"2025-06-05T19:04:40","modified_gmt":"2025-06-05T19:04:40","slug":"home","status":"publish","type":"page","link":"https:\/\/rolfsenseguros.com.br\/blog\/","title":{"rendered":"Home"},"content":{"rendered":"\t\t<div data-elementor-type=\"wp-page\" data-elementor-id=\"576\" class=\"elementor elementor-576\">\n\t\t\t\t<div class=\"elementor-element elementor-element-9c91930 e-flex e-con-boxed e-con e-parent\" data-id=\"9c91930\" data-element_type=\"container\" data-settings=\"{&quot;background_background&quot;:&quot;classic&quot;}\">\n\t\t\t\t\t<div class=\"e-con-inner\">\n\t\t<div class=\"elementor-element elementor-element-6f7112f e-con-full e-flex e-con e-child\" data-id=\"6f7112f\" data-element_type=\"container\">\n\t\t\t\t<div class=\"elementor-element elementor-element-6b0fc39 elementor-widget elementor-widget-image-box\" data-id=\"6b0fc39\" data-element_type=\"widget\" data-widget_type=\"image-box.default\">\n\t\t\t\t<div class=\"elementor-widget-container\">\n\t\t\t\t\t<div class=\"elementor-image-box-wrapper\"><div class=\"elementor-image-box-content\"><h1 class=\"elementor-image-box-title\">Blog Rolfsen Corretora de Seguros<\/h1><p class=\"elementor-image-box-description\">Aqui voc\u00ea encontra informa\u00e7\u00f5es atualizadas, dicas valiosas e conte\u00fados exclusivos para ajud\u00e1-lo a proteger o que realmente importa. Conte com a gente para estar sempre um passo \u00e0 frente na sua seguran\u00e7a.<\/p><\/div><\/div>\t\t\t\t<\/div>\n\t\t\t\t<\/div>\n\t\t\t\t<div class=\"elementor-element elementor-element-494e2d0 elementor-widget elementor-widget-image\" data-id=\"494e2d0\" data-element_type=\"widget\" data-widget_type=\"image.default\">\n\t\t\t\t<div class=\"elementor-widget-container\">\n\t\t\t\t\t\t\t\t\t\t\t\t\t\t\t<img fetchpriority=\"high\" decoding=\"async\" width=\"342\" height=\"199\" src=\"https:\/\/rolfsenseguros.com.br\/blog\/wp-content\/uploads\/2025\/05\/dotted-pattern-1.png\" class=\"attachment-large size-large wp-image-2080\" alt=\"\" srcset=\"https:\/\/rolfsenseguros.com.br\/blog\/wp-content\/uploads\/2025\/05\/dotted-pattern-1.png 342w, https:\/\/rolfsenseguros.com.br\/blog\/wp-content\/uploads\/2025\/05\/dotted-pattern-1-300x175.png 300w\" sizes=\"(max-width: 342px) 100vw, 342px\" \/>\t\t\t\t\t\t\t\t\t\t\t\t\t\t\t<\/div>\n\t\t\t\t<\/div>\n\t\t\t\t<\/div>\n\t\t<div class=\"elementor-element elementor-element-8fabdac e-con-full e-flex e-con e-child\" data-id=\"8fabdac\" data-element_type=\"container\">\n\t\t\t\t<div class=\"elementor-element elementor-element-0b25819 elementor-widget elementor-widget-image\" data-id=\"0b25819\" data-element_type=\"widget\" data-widget_type=\"image.default\">\n\t\t\t\t<div class=\"elementor-widget-container\">\n\t\t\t\t\t\t\t\t\t\t\t\t\t\t\t<img decoding=\"async\" width=\"803\" height=\"914\" src=\"https:\/\/rolfsenseguros.com.br\/blog\/wp-content\/uploads\/2025\/05\/Design-sem-nome-2-2-1.png\" class=\"attachment-full size-full wp-image-2081\" alt=\"\" srcset=\"https:\/\/rolfsenseguros.com.br\/blog\/wp-content\/uploads\/2025\/05\/Design-sem-nome-2-2-1.png 803w, https:\/\/rolfsenseguros.com.br\/blog\/wp-content\/uploads\/2025\/05\/Design-sem-nome-2-2-1-264x300.png 264w, https:\/\/rolfsenseguros.com.br\/blog\/wp-content\/uploads\/2025\/05\/Design-sem-nome-2-2-1-768x874.png 768w\" sizes=\"(max-width: 803px) 100vw, 803px\" \/>\t\t\t\t\t\t\t\t\t\t\t\t\t\t\t<\/div>\n\t\t\t\t<\/div>\n\t\t\t\t<\/div>\n\t\t\t\t\t<\/div>\n\t\t\t\t<\/div>\n\t\t<div class=\"elementor-element elementor-element-594f359 e-flex e-con-boxed e-con e-parent\" data-id=\"594f359\" data-element_type=\"container\" data-settings=\"{&quot;background_background&quot;:&quot;classic&quot;}\">\n\t\t\t\t\t<div class=\"e-con-inner\">\n\t\t<div class=\"elementor-element elementor-element-e1fa399 e-con-full e-flex e-con e-child\" data-id=\"e1fa399\" data-element_type=\"container\">\n\t\t\t\t<div class=\"elementor-element elementor-element-84e6e1c elementor-widget elementor-widget-wp-widget-recent-posts\" data-id=\"84e6e1c\" data-element_type=\"widget\" data-widget_type=\"wp-widget-recent-posts.default\">\n\t\t\t\t<div class=\"elementor-widget-container\">\n\t\t\t\t\t\n\t\t\n\t\t<h5>Posts recentes<\/h5><nav aria-label=\"Posts recentes\">\n\t\t<ul>\n\t\t\t\t\t\t\t\t\t\t\t<li>\n\t\t\t\t\t<a href=\"https:\/\/rolfsenseguros.com.br\/blog\/seguro-viagem-proteja-sua-viagem\/\">Seguro Viagem: A Prote\u00e7\u00e3o Essencial para Sua Jornada Sem Preocupa\u00e7\u00f5es<\/a>\n\t\t\t\t\t\t\t\t\t<\/li>\n\t\t\t\t\t\t\t\t\t\t\t<li>\n\t\t\t\t\t<a href=\"https:\/\/rolfsenseguros.com.br\/blog\/seguro-de-vida-coletivo-para-empresas\/\">Seguro de Vida Coletivo: Como Proteger sua Equipe e Garantir Tranquilidade para Todos<\/a>\n\t\t\t\t\t\t\t\t\t<\/li>\n\t\t\t\t\t\t\t\t\t\t\t<li>\n\t\t\t\t\t<a href=\"https:\/\/rolfsenseguros.com.br\/blog\/seguro-condominial-proteja-seu-condominio\/\">Seguro Condominial: Proteja seu Condom\u00ednio com a Cobertura Ideal para Evitar Surpresas<\/a>\n\t\t\t\t\t\t\t\t\t<\/li>\n\t\t\t\t\t\t\t\t\t\t\t<li>\n\t\t\t\t\t<a href=\"https:\/\/rolfsenseguros.com.br\/blog\/seguro-para-carros-eletricos\/\">Seguro para Carros El\u00e9tricos: Proteja Seu Investimento de Forma Inteligente e Sustent\u00e1vel<\/a>\n\t\t\t\t\t\t\t\t\t<\/li>\n\t\t\t\t\t\t\t\t\t\t\t<li>\n\t\t\t\t\t<a href=\"https:\/\/rolfsenseguros.com.br\/blog\/seguro-de-vida-o-que-considerar\/\">Seguro de Vida: O Que Considerar ao Contratar?<\/a>\n\t\t\t\t\t\t\t\t\t<\/li>\n\t\t\t\t\t<\/ul>\n\n\t\t<\/nav>\t\t\t\t<\/div>\n\t\t\t\t<\/div>\n\t\t\t\t<div class=\"elementor-element elementor-element-5887c42 elementor-widget elementor-widget-heading\" data-id=\"5887c42\" data-element_type=\"widget\" data-widget_type=\"heading.default\">\n\t\t\t\t<div class=\"elementor-widget-container\">\n\t\t\t\t\t<h2 class=\"elementor-heading-title elementor-size-default\">Principais categorias<\/h2>\t\t\t\t<\/div>\n\t\t\t\t<\/div>\n\t\t<div class=\"elementor-element elementor-element-8392b2e e-con-full e-flex e-con e-child\" data-id=\"8392b2e\" data-element_type=\"container\">\n\t\t<div class=\"elementor-element elementor-element-6c3d416 e-con-full e-flex e-con e-child\" data-id=\"6c3d416\" data-element_type=\"container\" data-settings=\"{&quot;background_background&quot;:&quot;classic&quot;}\">\n\t\t\t\t<div class=\"elementor-element elementor-element-15bc11f elementor-widget elementor-widget-heading\" data-id=\"15bc11f\" data-element_type=\"widget\" data-widget_type=\"heading.default\">\n\t\t\t\t<div class=\"elementor-widget-container\">\n\t\t\t\t\t<h3 class=\"elementor-heading-title elementor-size-default\"><a href=\"https:\/\/rolfsenseguros.com.br\/blog\/category\/seguro_automovel\/\">Seguro Autom\u00f3vel<\/a><\/h3>\t\t\t\t<\/div>\n\t\t\t\t<\/div>\n\t\t\t\t<\/div>\n\t\t<div class=\"elementor-element elementor-element-666bf63 e-con-full e-flex e-con e-child\" data-id=\"666bf63\" data-element_type=\"container\" data-settings=\"{&quot;background_background&quot;:&quot;classic&quot;}\">\n\t\t\t\t<div class=\"elementor-element elementor-element-d6f6614 elementor-widget elementor-widget-heading\" data-id=\"d6f6614\" data-element_type=\"widget\" data-widget_type=\"heading.default\">\n\t\t\t\t<div class=\"elementor-widget-container\">\n\t\t\t\t\t<h3 class=\"elementor-heading-title elementor-size-default\"><a href=\"https:\/\/rolfsenseguros.com.br\/blog\/category\/seguro_residencial\/\"><span style=\"font-size: 2.13333rem\">Seguro <\/span>Residencial<\/a><\/h3>\t\t\t\t<\/div>\n\t\t\t\t<\/div>\n\t\t\t\t<\/div>\n\t\t<div class=\"elementor-element elementor-element-730ae58 e-con-full e-flex e-con e-child\" data-id=\"730ae58\" data-element_type=\"container\" data-settings=\"{&quot;background_background&quot;:&quot;classic&quot;}\">\n\t\t\t\t<div class=\"elementor-element elementor-element-efef949 elementor-widget elementor-widget-heading\" data-id=\"efef949\" data-element_type=\"widget\" data-widget_type=\"heading.default\">\n\t\t\t\t<div class=\"elementor-widget-container\">\n\t\t\t\t\t<h3 class=\"elementor-heading-title elementor-size-default\"><a href=\"#\"><span style=\"font-size: 2.13333rem\">Seguro <\/span>Condom\u00ednio<\/a><\/h3>\t\t\t\t<\/div>\n\t\t\t\t<\/div>\n\t\t\t\t<\/div>\n\t\t<div class=\"elementor-element elementor-element-2c02336 e-con-full e-flex e-con e-child\" data-id=\"2c02336\" data-element_type=\"container\" data-settings=\"{&quot;background_background&quot;:&quot;classic&quot;}\">\n\t\t\t\t<div class=\"elementor-element elementor-element-b0b64ce elementor-widget elementor-widget-heading\" data-id=\"b0b64ce\" data-element_type=\"widget\" data-widget_type=\"heading.default\">\n\t\t\t\t<div class=\"elementor-widget-container\">\n\t\t\t\t\t<h3 class=\"elementor-heading-title elementor-size-default\"><a href=\"https:\/\/rolfsenseguros.com.br\/blog\/category\/seguro_empresarial\/\"><span style=\"font-size: 2.13333rem\">Seguro <\/span>Empresarial<\/a><\/h3>\t\t\t\t<\/div>\n\t\t\t\t<\/div>\n\t\t\t\t<\/div>\n\t\t\t\t<\/div>\n\t\t<div class=\"elementor-element elementor-element-2f6a523 e-con-full e-flex e-con e-child\" data-id=\"2f6a523\" data-element_type=\"container\">\n\t\t<div class=\"elementor-element elementor-element-4d5eb00 e-con-full e-flex e-con e-child\" data-id=\"4d5eb00\" data-element_type=\"container\" data-settings=\"{&quot;background_background&quot;:&quot;classic&quot;}\">\n\t\t\t\t<div class=\"elementor-element elementor-element-11728ae elementor-widget elementor-widget-heading\" data-id=\"11728ae\" data-element_type=\"widget\" data-widget_type=\"heading.default\">\n\t\t\t\t<div class=\"elementor-widget-container\">\n\t\t\t\t\t<h3 class=\"elementor-heading-title elementor-size-default\"><a href=\"https:\/\/rolfsenseguros.com.br\/blog\/category\/seguro_vida_individual\/\">Seguro Vida Individual<\/a><\/h3>\t\t\t\t<\/div>\n\t\t\t\t<\/div>\n\t\t\t\t<\/div>\n\t\t<div class=\"elementor-element elementor-element-c2527b3 e-con-full e-flex e-con e-child\" data-id=\"c2527b3\" data-element_type=\"container\" data-settings=\"{&quot;background_background&quot;:&quot;classic&quot;}\">\n\t\t\t\t<div class=\"elementor-element elementor-element-0765ffa elementor-widget elementor-widget-heading\" data-id=\"0765ffa\" data-element_type=\"widget\" data-widget_type=\"heading.default\">\n\t\t\t\t<div class=\"elementor-widget-container\">\n\t\t\t\t\t<h3 class=\"elementor-heading-title elementor-size-default\"><a href=\"https:\/\/rolfsenseguros.com.br\/blog\/category\/seguro_de_vida_coletivo\/\"><span style=\"font-size: 2.13333rem\">Seguro <\/span>Vida Coletivo<\/a><\/h3>\t\t\t\t<\/div>\n\t\t\t\t<\/div>\n\t\t\t\t<\/div>\n\t\t<div class=\"elementor-element elementor-element-fb99d27 e-con-full e-flex e-con e-child\" data-id=\"fb99d27\" data-element_type=\"container\" data-settings=\"{&quot;background_background&quot;:&quot;classic&quot;}\">\n\t\t\t\t<div class=\"elementor-element elementor-element-62171f3 elementor-widget elementor-widget-heading\" data-id=\"62171f3\" data-element_type=\"widget\" data-widget_type=\"heading.default\">\n\t\t\t\t<div class=\"elementor-widget-container\">\n\t\t\t\t\t<h3 class=\"elementor-heading-title elementor-size-default\"><a href=\"https:\/\/rolfsenseguros.com.br\/blog\/category\/seguro_fianca\/\"><span style=\"font-size: 2.13333rem\">Seguro <\/span><br>Fian\u00e7a<\/a><\/h3>\t\t\t\t<\/div>\n\t\t\t\t<\/div>\n\t\t\t\t<\/div>\n\t\t<div class=\"elementor-element elementor-element-21ecfd7 e-con-full e-flex e-con e-child\" data-id=\"21ecfd7\" data-element_type=\"container\" data-settings=\"{&quot;background_background&quot;:&quot;classic&quot;}\">\n\t\t\t\t<div class=\"elementor-element elementor-element-7a01c27 elementor-widget elementor-widget-heading\" data-id=\"7a01c27\" data-element_type=\"widget\" data-widget_type=\"heading.default\">\n\t\t\t\t<div class=\"elementor-widget-container\">\n\t\t\t\t\t<h3 class=\"elementor-heading-title elementor-size-default\"><a href=\"https:\/\/rolfsenseguros.com.br\/blog\/category\/seguro_responsabilidade_civil\/\"><span style=\"font-size: 2.13333rem\">Seguro Responsabilidade Civil <\/span><\/a><\/h3>\t\t\t\t<\/div>\n\t\t\t\t<\/div>\n\t\t\t\t<\/div>\n\t\t\t\t<\/div>\n\t\t\t\t<\/div>\n\t\t\t\t\t<\/div>\n\t\t\t\t<\/div>\n\t\t\t\t<\/div>\n\t\t","protected":false},"excerpt":{"rendered":"<p>Blog Rolfsen Corretora de Seguros Aqui voc\u00ea encontra informa\u00e7\u00f5es atualizadas, dicas valiosas e conte\u00fados exclusivos para ajud\u00e1-lo a proteger o que realmente importa. Conte com a gente para estar sempre um passo \u00e0 frente na sua seguran\u00e7a. Principais categorias Seguro Autom\u00f3vel Seguro Residencial Seguro Condom\u00ednio Seguro Empresarial Seguro Vida Individual Seguro Vida Coletivo Seguro Fian\u00e7a [&hellip;]<\/p>\n","protected":false},"author":1,"featured_media":0,"parent":0,"menu_order":0,"comment_status":"closed","ping_status":"closed","template":"","meta":{"_eb_attr":"","_uag_custom_page_level_css":"","site-sidebar-layout":"no-sidebar","site-content-layout":"page-builder","ast-site-content-layout":"default","site-content-style":"default","site-sidebar-style":"default","ast-global-header-display":"","ast-banner-title-visibility":"","ast-main-header-display":"","ast-hfb-above-header-display":"","ast-hfb-below-header-display":"","ast-hfb-mobile-header-display":"","site-post-title":"disabled","ast-breadcrumbs-content":"","ast-featured-img":"disabled","footer-sml-layout":"","theme-transparent-header-meta":"","adv-header-id-meta":"","stick-header-meta":"","header-above-stick-meta":"","header-main-stick-meta":"","header-below-stick-meta":"","astra-migrate-meta-layouts":"default","ast-page-background-enabled":"default","ast-page-background-meta":{"desktop":{"background-color":"","background-image":"","background-repeat":"repeat","background-position":"center center","background-size":"auto","background-attachment":"scroll","background-type":"","background-media":"","overlay-type":"","overlay-color":"","overlay-opacity":"","overlay-gradient":""},"tablet":{"background-color":"","background-image":"","background-repeat":"repeat","background-position":"center center","background-size":"auto","background-attachment":"scroll","background-type":"","background-media":"","overlay-type":"","overlay-color":"","overlay-opacity":"","overlay-gradient":""},"mobile":{"background-color":"","background-image":"","background-repeat":"repeat","background-position":"center center","background-size":"auto","background-attachment":"scroll","background-type":"","background-media":"","overlay-type":"","overlay-color":"","overlay-opacity":"","overlay-gradient":""}},"ast-content-background-meta":{"desktop":{"background-color":"var(--ast-global-color-5)","background-image":"","background-repeat":"repeat","background-position":"center center","background-size":"auto","background-attachment":"scroll","background-type":"","background-media":"","overlay-type":"","overlay-color":"","overlay-opacity":"","overlay-gradient":""},"tablet":{"background-color":"var(--ast-global-color-5)","background-image":"","background-repeat":"repeat","background-position":"center center","background-size":"auto","background-attachment":"scroll","background-type":"","background-media":"","overlay-type":"","overlay-color":"","overlay-opacity":"","overlay-gradient":""},"mobile":{"background-color":"var(--ast-global-color-5)","background-image":"","background-repeat":"repeat","background-position":"center center","background-size":"auto","background-attachment":"scroll","background-type":"","background-media":"","overlay-type":"","overlay-color":"","overlay-opacity":"","overlay-gradient":""}},"footnotes":""},"class_list":["post-576","page","type-page","status-publish","hentry"],"yoast_head":"<!-- This site is optimized with the Yoast SEO plugin v27.4 - https:\/\/yoast.com\/product\/yoast-seo-wordpress\/ -->\n<title>Home - Blog Rolfsen Corretora de Seguros<\/title>\n<meta name=\"robots\" content=\"index, follow, max-snippet:-1, max-image-preview:large, max-video-preview:-1\" \/>\n<link rel=\"canonical\" href=\"https:\/\/rolfsenseguros.com.br\/blog\/\" \/>\n<meta property=\"og:locale\" content=\"pt_BR\" \/>\n<meta property=\"og:type\" content=\"article\" \/>\n<meta property=\"og:title\" content=\"Home - Blog Rolfsen Corretora de Seguros\" \/>\n<meta property=\"og:description\" content=\"Blog Rolfsen Corretora de Seguros Aqui voc\u00ea encontra informa\u00e7\u00f5es atualizadas, dicas valiosas e conte\u00fados exclusivos para ajud\u00e1-lo a proteger o que realmente importa. Conte com a gente para estar sempre um passo \u00e0 frente na sua seguran\u00e7a. Principais categorias Seguro Autom\u00f3vel Seguro Residencial Seguro Condom\u00ednio Seguro Empresarial Seguro Vida Individual Seguro Vida Coletivo Seguro Fian\u00e7a [&hellip;]\" \/>\n<meta property=\"og:url\" content=\"https:\/\/rolfsenseguros.com.br\/blog\/\" \/>\n<meta property=\"og:site_name\" content=\"Blog Rolfsen Corretora de Seguros\" \/>\n<meta property=\"article:modified_time\" content=\"2025-06-05T19:04:40+00:00\" \/>\n<meta property=\"og:image\" content=\"https:\/\/rolfsenseguros.com.br\/blog\/wp-content\/uploads\/2025\/05\/dotted-pattern-1.png\" \/>\n\t<meta property=\"og:image:width\" content=\"342\" \/>\n\t<meta property=\"og:image:height\" content=\"199\" \/>\n\t<meta property=\"og:image:type\" content=\"image\/png\" \/>\n<meta name=\"twitter:card\" content=\"summary_large_image\" \/>\n<meta name=\"twitter:label1\" content=\"Est. tempo de leitura\" \/>\n\t<meta name=\"twitter:data1\" content=\"1 minuto\" \/>\n<script type=\"application\/ld+json\" class=\"yoast-schema-graph\">{\"@context\":\"https:\\\/\\\/schema.org\",\"@graph\":[{\"@type\":\"WebPage\",\"@id\":\"https:\\\/\\\/rolfsenseguros.com.br\\\/blog\\\/\",\"url\":\"https:\\\/\\\/rolfsenseguros.com.br\\\/blog\\\/\",\"name\":\"Home - Blog Rolfsen Corretora de Seguros\",\"isPartOf\":{\"@id\":\"https:\\\/\\\/rolfsenseguros.com.br\\\/blog\\\/#website\"},\"primaryImageOfPage\":{\"@id\":\"https:\\\/\\\/rolfsenseguros.com.br\\\/blog\\\/#primaryimage\"},\"image\":{\"@id\":\"https:\\\/\\\/rolfsenseguros.com.br\\\/blog\\\/#primaryimage\"},\"thumbnailUrl\":\"https:\\\/\\\/rolfsenseguros.com.br\\\/blog\\\/wp-content\\\/uploads\\\/2025\\\/05\\\/dotted-pattern-1.png\",\"datePublished\":\"2025-05-29T17:16:14+00:00\",\"dateModified\":\"2025-06-05T19:04:40+00:00\",\"breadcrumb\":{\"@id\":\"https:\\\/\\\/rolfsenseguros.com.br\\\/blog\\\/#breadcrumb\"},\"inLanguage\":\"pt-BR\",\"potentialAction\":[{\"@type\":\"ReadAction\",\"target\":[\"https:\\\/\\\/rolfsenseguros.com.br\\\/blog\\\/\"]}]},{\"@type\":\"ImageObject\",\"inLanguage\":\"pt-BR\",\"@id\":\"https:\\\/\\\/rolfsenseguros.com.br\\\/blog\\\/#primaryimage\",\"url\":\"https:\\\/\\\/rolfsenseguros.com.br\\\/blog\\\/wp-content\\\/uploads\\\/2025\\\/05\\\/dotted-pattern-1.png\",\"contentUrl\":\"https:\\\/\\\/rolfsenseguros.com.br\\\/blog\\\/wp-content\\\/uploads\\\/2025\\\/05\\\/dotted-pattern-1.png\",\"width\":342,\"height\":199},{\"@type\":\"BreadcrumbList\",\"@id\":\"https:\\\/\\\/rolfsenseguros.com.br\\\/blog\\\/#breadcrumb\",\"itemListElement\":[{\"@type\":\"ListItem\",\"position\":1,\"name\":\"In\u00edcio\",\"item\":\"https:\\\/\\\/rolfsenseguros.com.br\\\/blog\\\/\"},{\"@type\":\"ListItem\",\"position\":2,\"name\":\"Home\"}]},{\"@type\":\"WebSite\",\"@id\":\"https:\\\/\\\/rolfsenseguros.com.br\\\/blog\\\/#website\",\"url\":\"https:\\\/\\\/rolfsenseguros.com.br\\\/blog\\\/\",\"name\":\"Blog Rolfsen Corretora de Seguros\",\"description\":\"No Blog Rolfsen, voc\u00ea encontra conte\u00fados atualizados e especializados sobre seguros, prote\u00e7\u00e3o patrimonial, dicas de economia e novidades do mercado. Nosso objetivo \u00e9 ajudar voc\u00ea a tomar decis\u00f5es seguras e inteligentes para proteger o que mais importa, com informa\u00e7\u00f5es claras e pr\u00e1ticas para o seu dia a dia.\",\"publisher\":{\"@id\":\"https:\\\/\\\/rolfsenseguros.com.br\\\/blog\\\/#organization\"},\"potentialAction\":[{\"@type\":\"SearchAction\",\"target\":{\"@type\":\"EntryPoint\",\"urlTemplate\":\"https:\\\/\\\/rolfsenseguros.com.br\\\/blog\\\/?s={search_term_string}\"},\"query-input\":{\"@type\":\"PropertyValueSpecification\",\"valueRequired\":true,\"valueName\":\"search_term_string\"}}],\"inLanguage\":\"pt-BR\"},{\"@type\":\"Organization\",\"@id\":\"https:\\\/\\\/rolfsenseguros.com.br\\\/blog\\\/#organization\",\"name\":\"Blog Rolfsen Corretora de Seguros\",\"url\":\"https:\\\/\\\/rolfsenseguros.com.br\\\/blog\\\/\",\"logo\":{\"@type\":\"ImageObject\",\"inLanguage\":\"pt-BR\",\"@id\":\"https:\\\/\\\/rolfsenseguros.com.br\\\/blog\\\/#\\\/schema\\\/logo\\\/image\\\/\",\"url\":\"https:\\\/\\\/rolfsenseguros.com.br\\\/blog\\\/wp-content\\\/uploads\\\/2025\\\/05\\\/cropped-Design-sem-nome-7.png\",\"contentUrl\":\"https:\\\/\\\/rolfsenseguros.com.br\\\/blog\\\/wp-content\\\/uploads\\\/2025\\\/05\\\/cropped-Design-sem-nome-7.png\",\"width\":326,\"height\":100,\"caption\":\"Blog Rolfsen Corretora de Seguros\"},\"image\":{\"@id\":\"https:\\\/\\\/rolfsenseguros.com.br\\\/blog\\\/#\\\/schema\\\/logo\\\/image\\\/\"}}]}<\/script>\n<!-- \/ Yoast SEO plugin. -->","yoast_head_json":{"title":"Home - Blog Rolfsen Corretora de Seguros","robots":{"index":"index","follow":"follow","max-snippet":"max-snippet:-1","max-image-preview":"max-image-preview:large","max-video-preview":"max-video-preview:-1"},"canonical":"https:\/\/rolfsenseguros.com.br\/blog\/","og_locale":"pt_BR","og_type":"article","og_title":"Home - Blog Rolfsen Corretora de Seguros","og_description":"Blog Rolfsen Corretora de Seguros Aqui voc\u00ea encontra informa\u00e7\u00f5es atualizadas, dicas valiosas e conte\u00fados exclusivos para ajud\u00e1-lo a proteger o que realmente importa. Conte com a gente para estar sempre um passo \u00e0 frente na sua seguran\u00e7a. Principais categorias Seguro Autom\u00f3vel Seguro Residencial Seguro Condom\u00ednio Seguro Empresarial Seguro Vida Individual Seguro Vida Coletivo Seguro Fian\u00e7a [&hellip;]","og_url":"https:\/\/rolfsenseguros.com.br\/blog\/","og_site_name":"Blog Rolfsen Corretora de Seguros","article_modified_time":"2025-06-05T19:04:40+00:00","og_image":[{"width":342,"height":199,"url":"https:\/\/rolfsenseguros.com.br\/blog\/wp-content\/uploads\/2025\/05\/dotted-pattern-1.png","type":"image\/png"}],"twitter_card":"summary_large_image","twitter_misc":{"Est. tempo de leitura":"1 minuto"},"schema":{"@context":"https:\/\/schema.org","@graph":[{"@type":"WebPage","@id":"https:\/\/rolfsenseguros.com.br\/blog\/","url":"https:\/\/rolfsenseguros.com.br\/blog\/","name":"Home - Blog Rolfsen Corretora de Seguros","isPartOf":{"@id":"https:\/\/rolfsenseguros.com.br\/blog\/#website"},"primaryImageOfPage":{"@id":"https:\/\/rolfsenseguros.com.br\/blog\/#primaryimage"},"image":{"@id":"https:\/\/rolfsenseguros.com.br\/blog\/#primaryimage"},"thumbnailUrl":"https:\/\/rolfsenseguros.com.br\/blog\/wp-content\/uploads\/2025\/05\/dotted-pattern-1.png","datePublished":"2025-05-29T17:16:14+00:00","dateModified":"2025-06-05T19:04:40+00:00","breadcrumb":{"@id":"https:\/\/rolfsenseguros.com.br\/blog\/#breadcrumb"},"inLanguage":"pt-BR","potentialAction":[{"@type":"ReadAction","target":["https:\/\/rolfsenseguros.com.br\/blog\/"]}]},{"@type":"ImageObject","inLanguage":"pt-BR","@id":"https:\/\/rolfsenseguros.com.br\/blog\/#primaryimage","url":"https:\/\/rolfsenseguros.com.br\/blog\/wp-content\/uploads\/2025\/05\/dotted-pattern-1.png","contentUrl":"https:\/\/rolfsenseguros.com.br\/blog\/wp-content\/uploads\/2025\/05\/dotted-pattern-1.png","width":342,"height":199},{"@type":"BreadcrumbList","@id":"https:\/\/rolfsenseguros.com.br\/blog\/#breadcrumb","itemListElement":[{"@type":"ListItem","position":1,"name":"In\u00edcio","item":"https:\/\/rolfsenseguros.com.br\/blog\/"},{"@type":"ListItem","position":2,"name":"Home"}]},{"@type":"WebSite","@id":"https:\/\/rolfsenseguros.com.br\/blog\/#website","url":"https:\/\/rolfsenseguros.com.br\/blog\/","name":"Blog Rolfsen Corretora de Seguros","description":"No Blog Rolfsen, voc\u00ea encontra conte\u00fados atualizados e especializados sobre seguros, prote\u00e7\u00e3o patrimonial, dicas de economia e novidades do mercado. Nosso objetivo \u00e9 ajudar voc\u00ea a tomar decis\u00f5es seguras e inteligentes para proteger o que mais importa, com informa\u00e7\u00f5es claras e pr\u00e1ticas para o seu dia a dia.","publisher":{"@id":"https:\/\/rolfsenseguros.com.br\/blog\/#organization"},"potentialAction":[{"@type":"SearchAction","target":{"@type":"EntryPoint","urlTemplate":"https:\/\/rolfsenseguros.com.br\/blog\/?s={search_term_string}"},"query-input":{"@type":"PropertyValueSpecification","valueRequired":true,"valueName":"search_term_string"}}],"inLanguage":"pt-BR"},{"@type":"Organization","@id":"https:\/\/rolfsenseguros.com.br\/blog\/#organization","name":"Blog Rolfsen Corretora de Seguros","url":"https:\/\/rolfsenseguros.com.br\/blog\/","logo":{"@type":"ImageObject","inLanguage":"pt-BR","@id":"https:\/\/rolfsenseguros.com.br\/blog\/#\/schema\/logo\/image\/","url":"https:\/\/rolfsenseguros.com.br\/blog\/wp-content\/uploads\/2025\/05\/cropped-Design-sem-nome-7.png","contentUrl":"https:\/\/rolfsenseguros.com.br\/blog\/wp-content\/uploads\/2025\/05\/cropped-Design-sem-nome-7.png","width":326,"height":100,"caption":"Blog Rolfsen Corretora de Seguros"},"image":{"@id":"https:\/\/rolfsenseguros.com.br\/blog\/#\/schema\/logo\/image\/"}}]}},"uagb_featured_image_src":{"full":false,"thumbnail":false,"medium":false,"medium_large":false,"large":false,"1536x1536":false,"2048x2048":false},"uagb_author_info":{"display_name":"Larissa Rolfsen","author_link":"https:\/\/rolfsenseguros.com.br\/blog\/author\/rolfsenseguros\/"},"uagb_comment_info":0,"uagb_excerpt":"Blog Rolfsen Corretora de Seguros Aqui voc\u00ea encontra informa\u00e7\u00f5es atualizadas, dicas valiosas e conte\u00fados exclusivos para ajud\u00e1-lo a proteger o que realmente importa. Conte com a gente para estar sempre um passo \u00e0 frente na sua seguran\u00e7a. Principais categorias Seguro Autom\u00f3vel Seguro Residencial Seguro Condom\u00ednio Seguro Empresarial Seguro Vida Individual Seguro Vida Coletivo Seguro Fian\u00e7a&hellip;","_links":{"self":[{"href":"https:\/\/rolfsenseguros.com.br\/blog\/wp-json\/wp\/v2\/pages\/576","targetHints":{"allow":["GET"]}}],"collection":[{"href":"https:\/\/rolfsenseguros.com.br\/blog\/wp-json\/wp\/v2\/pages"}],"about":[{"href":"https:\/\/rolfsenseguros.com.br\/blog\/wp-json\/wp\/v2\/types\/page"}],"author":[{"embeddable":true,"href":"https:\/\/rolfsenseguros.com.br\/blog\/wp-json\/wp\/v2\/users\/1"}],"replies":[{"embeddable":true,"href":"https:\/\/rolfsenseguros.com.br\/blog\/wp-json\/wp\/v2\/comments?post=576"}],"version-history":[{"count":12,"href":"https:\/\/rolfsenseguros.com.br\/blog\/wp-json\/wp\/v2\/pages\/576\/revisions"}],"predecessor-version":[{"id":2142,"href":"https:\/\/rolfsenseguros.com.br\/blog\/wp-json\/wp\/v2\/pages\/576\/revisions\/2142"}],"wp:attachment":[{"href":"https:\/\/rolfsenseguros.com.br\/blog\/wp-json\/wp\/v2\/media?parent=576"}],"curies":[{"name":"wp","href":"https:\/\/api.w.org\/{rel}","templated":true}]}}